{"id":31,"date":"2020-06-06T15:41:34","date_gmt":"2020-06-06T15:41:34","guid":{"rendered":"http:\/\/grooving-voices.de\/?page_id=31"},"modified":"2026-01-15T09:51:21","modified_gmt":"2026-01-15T09:51:21","slug":"probenzeiten","status":"publish","type":"page","link":"https:\/\/grooving-voices.de\/?page_id=31","title":{"rendered":"Probenzeiten"},"content":{"rendered":"\n<h2 class=\"wp-block-heading\"><\/h2>\n\n\n\n<pre class=\"wp-block-preformatted has-luminous-vivid-amber-background-color has-background\" style=\"font-size:15px;font-style:italic;font-weight:800\">Wir proben m<mark style=\"background-color:rgba(0, 0, 0, 0)\" class=\"has-inline-color has-black-color\"><strong>ittwochs, 19:00 Uhr<\/strong>, im Gemeindehaus St. Liborius, Am Leiloh, in 58300 Wetter - neue S\u00e4nger und S\u00e4ngerinnen sind willkommen, insbesondere Verst\u00e4rkung f\u00fcr Alt-\/Tenor- und Bass-Stimmen. Komm einfach vorbei und sing mit! <\/mark>Vorsingen ist nicht erforderlich.<\/pre>\n\n\n\n<p><\/p>\n\n\n\n<div class=\"wp-block-media-text alignwide is-stacked-on-mobile\" style=\"grid-template-columns:39% auto\"><figure class=\"wp-block-media-text__media\"><img loading=\"lazy\" decoding=\"async\" width=\"655\" height=\"1024\" src=\"https:\/\/grooving-voices.de\/wp-content\/uploads\/2022\/12\/20221130_195731-655x1024.jpg\" alt=\"\" class=\"wp-image-233 size-large\" srcset=\"https:\/\/grooving-voices.de\/wp-content\/uploads\/2022\/12\/20221130_195731-655x1024.jpg 655w, https:\/\/grooving-voices.de\/wp-content\/uploads\/2022\/12\/20221130_195731-192x300.jpg 192w, https:\/\/grooving-voices.de\/wp-content\/uploads\/2022\/12\/20221130_195731-96x150.jpg 96w, https:\/\/grooving-voices.de\/wp-content\/uploads\/2022\/12\/20221130_195731-768x1201.jpg 768w, https:\/\/grooving-voices.de\/wp-content\/uploads\/2022\/12\/20221130_195731-982x1536.jpg 982w, https:\/\/grooving-voices.de\/wp-content\/uploads\/2022\/12\/20221130_195731-1310x2048.jpg 1310w, https:\/\/grooving-voices.de\/wp-content\/uploads\/2022\/12\/20221130_195731-scaled.jpg 1637w\" sizes=\"auto, (max-width: 655px) 100vw, 655px\" \/><\/figure><div class=\"wp-block-media-text__content\">\n<p>Chorleiter im Einsatz<\/p>\n<\/div><\/div>\n\n\n\n<div class=\"wp-block-media-text alignwide has-media-on-the-right is-stacked-on-mobile\" style=\"grid-template-columns:auto 62%\"><div class=\"wp-block-media-text__content\">\n<p>Notenstudium<\/p>\n<\/div><figure class=\"wp-block-media-text__media\"><img loading=\"lazy\" decoding=\"async\" width=\"1024\" height=\"498\" src=\"https:\/\/grooving-voices.de\/wp-content\/uploads\/2022\/12\/20221130_195837-1024x498.jpg\" alt=\"\" class=\"wp-image-234 size-large\" srcset=\"https:\/\/grooving-voices.de\/wp-content\/uploads\/2022\/12\/20221130_195837-1024x498.jpg 1024w, https:\/\/grooving-voices.de\/wp-content\/uploads\/2022\/12\/20221130_195837-300x146.jpg 300w, https:\/\/grooving-voices.de\/wp-content\/uploads\/2022\/12\/20221130_195837-150x73.jpg 150w, https:\/\/grooving-voices.de\/wp-content\/uploads\/2022\/12\/20221130_195837-768x373.jpg 768w, https:\/\/grooving-voices.de\/wp-content\/uploads\/2022\/12\/20221130_195837-1536x747.jpg 1536w, https:\/\/grooving-voices.de\/wp-content\/uploads\/2022\/12\/20221130_195837-2048x996.jpg 2048w\" sizes=\"auto, (max-width: 767px) 89vw, (max-width: 1000px) 54vw, (max-width: 1071px) 543px, 580px\" \/><\/figure><\/div>\n\n\n\n<div class=\"wp-block-media-text is-stacked-on-mobile\" style=\"grid-template-columns:37% auto\"><figure class=\"wp-block-media-text__media\"><img loading=\"lazy\" decoding=\"async\" width=\"768\" height=\"1024\" src=\"https:\/\/grooving-voices.de\/wp-content\/uploads\/2024\/07\/WhatsApp-Bild-2024-06-29-um-10.31.24_19712845-768x1024.jpg\" alt=\"\" class=\"wp-image-439 size-full\" srcset=\"https:\/\/grooving-voices.de\/wp-content\/uploads\/2024\/07\/WhatsApp-Bild-2024-06-29-um-10.31.24_19712845-768x1024.jpg 768w, https:\/\/grooving-voices.de\/wp-content\/uploads\/2024\/07\/WhatsApp-Bild-2024-06-29-um-10.31.24_19712845-225x300.jpg 225w, https:\/\/grooving-voices.de\/wp-content\/uploads\/2024\/07\/WhatsApp-Bild-2024-06-29-um-10.31.24_19712845-113x150.jpg 113w, https:\/\/grooving-voices.de\/wp-content\/uploads\/2024\/07\/WhatsApp-Bild-2024-06-29-um-10.31.24_19712845-1152x1536.jpg 1152w, https:\/\/grooving-voices.de\/wp-content\/uploads\/2024\/07\/WhatsApp-Bild-2024-06-29-um-10.31.24_19712845.jpg 1200w\" sizes=\"auto, (max-width: 767px) 89vw, (max-width: 1000px) 54vw, (max-width: 1071px) 543px, 580px\" \/><\/figure><div class=\"wp-block-media-text__content\">\n<p>Da einige ChormitgliederInnen auch ein Instrument spielen, hat sich eine kleine Begleitband gebildet.<\/p>\n<\/div><\/div>\n\n\n\n<div class=\"wp-block-media-text is-stacked-on-mobile\" style=\"grid-template-columns:37% auto\"><figure class=\"wp-block-media-text__media\"><img loading=\"lazy\" decoding=\"async\" width=\"656\" height=\"948\" src=\"https:\/\/grooving-voices.de\/wp-content\/uploads\/2024\/07\/IMG-20240727-WA00031.jpg\" alt=\"\" class=\"wp-image-443 size-full\" srcset=\"https:\/\/grooving-voices.de\/wp-content\/uploads\/2024\/07\/IMG-20240727-WA00031.jpg 656w, https:\/\/grooving-voices.de\/wp-content\/uploads\/2024\/07\/IMG-20240727-WA00031-208x300.jpg 208w, https:\/\/grooving-voices.de\/wp-content\/uploads\/2024\/07\/IMG-20240727-WA00031-104x150.jpg 104w\" sizes=\"auto, (max-width: 656px) 100vw, 656px\" \/><\/figure><div class=\"wp-block-media-text__content\">\n<p><\/p>\n<\/div><\/div>\n","protected":false},"excerpt":{"rendered":"<p>Wir proben mittwochs, 19:00 Uhr, im Gemeindehaus St. Liborius, Am Leiloh, in 58300 Wetter &#8211; neue S\u00e4nger und S\u00e4ngerinnen sind willkommen, insbesondere Verst\u00e4rkung f\u00fcr Alt-\/Tenor- und Bass-Stimmen. Komm einfach vorbei und sing mit! Vorsingen ist nicht erforderlich. Chorleiter im Einsatz Notenstudium Da einige ChormitgliederInnen auch ein Instrument spielen, hat sich eine kleine Begleitband gebildet.<\/p>\n","protected":false},"author":1,"featured_media":0,"parent":0,"menu_order":0,"comment_status":"closed","ping_status":"closed","template":"","meta":{"footnotes":""},"class_list":["post-31","page","type-page","status-publish","hentry"],"_links":{"self":[{"href":"https:\/\/grooving-voices.de\/index.php?rest_route=\/wp\/v2\/pages\/31","targetHints":{"allow":["GET"]}}],"collection":[{"href":"https:\/\/grooving-voices.de\/index.php?rest_route=\/wp\/v2\/pages"}],"about":[{"href":"https:\/\/grooving-voices.de\/index.php?rest_route=\/wp\/v2\/types\/page"}],"author":[{"embeddable":true,"href":"https:\/\/grooving-voices.de\/index.php?rest_route=\/wp\/v2\/users\/1"}],"replies":[{"embeddable":true,"href":"https:\/\/grooving-voices.de\/index.php?rest_route=%2Fwp%2Fv2%2Fcomments&post=31"}],"version-history":[{"count":19,"href":"https:\/\/grooving-voices.de\/index.php?rest_route=\/wp\/v2\/pages\/31\/revisions"}],"predecessor-version":[{"id":637,"href":"https:\/\/grooving-voices.de\/index.php?rest_route=\/wp\/v2\/pages\/31\/revisions\/637"}],"wp:attachment":[{"href":"https:\/\/grooving-voices.de\/index.php?rest_route=%2Fwp%2Fv2%2Fmedia&parent=31"}],"curies":[{"name":"wp","href":"https:\/\/api.w.org\/{rel}","templated":true}]}}