{"id":184,"date":"2022-12-05T11:49:50","date_gmt":"2022-12-05T11:49:50","guid":{"rendered":"http:\/\/grooving-voices.de\/?page_id=184"},"modified":"2024-11-03T17:45:14","modified_gmt":"2024-11-03T17:45:14","slug":"gesichter-und-stimmen","status":"publish","type":"page","link":"https:\/\/grooving-voices.de\/?page_id=184","title":{"rendered":"Gesichter und Stimmen"},"content":{"rendered":"\n<div class=\"wp-block-media-text alignwide is-stacked-on-mobile is-style-rounded\" style=\"line-height:1.4;grid-template-columns:22% auto\"><figure class=\"wp-block-media-text__media\"><img loading=\"lazy\" decoding=\"async\" width=\"199\" height=\"300\" src=\"https:\/\/grooving-voices.de\/wp-content\/uploads\/2022\/12\/Bild-Pe-199x300.jpg\" alt=\"\" class=\"wp-image-237 size-medium\" srcset=\"https:\/\/grooving-voices.de\/wp-content\/uploads\/2022\/12\/Bild-Pe-199x300.jpg 199w, https:\/\/grooving-voices.de\/wp-content\/uploads\/2022\/12\/Bild-Pe-100x150.jpg 100w, https:\/\/grooving-voices.de\/wp-content\/uploads\/2022\/12\/Bild-Pe.jpg 598w\" sizes=\"auto, (max-width: 199px) 100vw, 199px\" \/><\/figure><div class=\"wp-block-media-text__content\">\n<p class=\"has-small-font-size\"><em>&#8222;Ich singe schon seit Kindheitsbeinen an im MGV , Kinderchor, Jugendchor,&nbsp; Mittwochschor, der dann zu Grooving-Voices wurde. Singen macht mich gl\u00fccklich, egal, wie der Tag verlaufen ist,&nbsp; Mittwochs zu Beginn der Probe ist die Welt in Ordnung. Wir sind eine tolle Gemeinschaft und der Spa\u00df steht immer im Vordergrund. Wenn wir  dann noch rihtig gut singen und der Trainer zufrieden ist, ist es einfach nur fantastisch.&nbsp; Dieses Gef\u00fchl ist unbeschreiblich,&nbsp; man muss es f\u00fchlen. Ein Leben ohne Chor und Singen ist m\u00f6glich, allerdings nur halb so sch\u00f6n.&#8220; (P\u00e9, Sopran 1)<\/em><\/p>\n<\/div><\/div>\n\n\n\n<div class=\"wp-block-media-text is-stacked-on-mobile\"><figure class=\"wp-block-media-text__media\"><img loading=\"lazy\" decoding=\"async\" width=\"1024\" height=\"768\" src=\"https:\/\/grooving-voices.de\/wp-content\/uploads\/2024\/10\/Generalprobe-Benefizkonzert-2024-1024x768.jpg\" alt=\"\" class=\"wp-image-490 size-full\" srcset=\"https:\/\/grooving-voices.de\/wp-content\/uploads\/2024\/10\/Generalprobe-Benefizkonzert-2024-1024x768.jpg 1024w, https:\/\/grooving-voices.de\/wp-content\/uploads\/2024\/10\/Generalprobe-Benefizkonzert-2024-300x225.jpg 300w, https:\/\/grooving-voices.de\/wp-content\/uploads\/2024\/10\/Generalprobe-Benefizkonzert-2024-768x576.jpg 768w, https:\/\/grooving-voices.de\/wp-content\/uploads\/2024\/10\/Generalprobe-Benefizkonzert-2024-1536x1152.jpg 1536w, https:\/\/grooving-voices.de\/wp-content\/uploads\/2024\/10\/Generalprobe-Benefizkonzert-2024.jpg 2000w\" sizes=\"auto, (max-width: 767px) 89vw, (max-width: 1000px) 54vw, (max-width: 1071px) 543px, 580px\" \/><\/figure><div class=\"wp-block-media-text__content\">\n<p>P\u00e9 und Christiane haben wie immer Spa\u00df bei der Generalprobe f\u00fcr das Benefizkonzert 2024 zugunsten des Vereins Amaraaba Ghana e.V. in der Christuskirche in Grundsch\u00f6ttel.<\/p>\n<\/div><\/div>\n\n\n\n<div class=\"wp-block-media-text has-media-on-the-right is-stacked-on-mobile\" style=\"grid-template-columns:auto 24%\"><div class=\"wp-block-media-text__content\">\n<p><em><sub>&#8222;Ich bin bei den Grooving Voices, weil es mir Spa\u00df macht , mit dieser netten und harmonischen Chorgemeinschaft Musik zu machen.&#8220; (Michael, Bass und Gitarre)<\/sub><\/em><\/p>\n<\/div><figure class=\"wp-block-media-text__media\"><img loading=\"lazy\" decoding=\"async\" width=\"241\" height=\"288\" src=\"https:\/\/grooving-voices.de\/wp-content\/uploads\/2023\/12\/Portrait-Micha.jpeg\" alt=\"\" class=\"wp-image-365 size-full\" srcset=\"https:\/\/grooving-voices.de\/wp-content\/uploads\/2023\/12\/Portrait-Micha.jpeg 241w, https:\/\/grooving-voices.de\/wp-content\/uploads\/2023\/12\/Portrait-Micha-126x150.jpeg 126w\" sizes=\"auto, (max-width: 241px) 100vw, 241px\" \/><\/figure><\/div>\n\n\n\n<div class=\"wp-block-media-text is-stacked-on-mobile\"><figure class=\"wp-block-media-text__media\"><img loading=\"lazy\" decoding=\"async\" width=\"1024\" height=\"576\" src=\"https:\/\/grooving-voices.de\/wp-content\/uploads\/2023\/12\/Weihnachtssingen-2023-1024x576.jpeg\" alt=\"\" class=\"wp-image-361 size-full\" srcset=\"https:\/\/grooving-voices.de\/wp-content\/uploads\/2023\/12\/Weihnachtssingen-2023-1024x576.jpeg 1024w, https:\/\/grooving-voices.de\/wp-content\/uploads\/2023\/12\/Weihnachtssingen-2023-300x169.jpeg 300w, https:\/\/grooving-voices.de\/wp-content\/uploads\/2023\/12\/Weihnachtssingen-2023-150x84.jpeg 150w, https:\/\/grooving-voices.de\/wp-content\/uploads\/2023\/12\/Weihnachtssingen-2023-768x432.jpeg 768w, https:\/\/grooving-voices.de\/wp-content\/uploads\/2023\/12\/Weihnachtssingen-2023-1536x864.jpeg 1536w, https:\/\/grooving-voices.de\/wp-content\/uploads\/2023\/12\/Weihnachtssingen-2023.jpeg 2000w\" sizes=\"auto, (max-width: 767px) 89vw, (max-width: 1000px) 54vw, (max-width: 1071px) 543px, 580px\" \/><\/figure><div class=\"wp-block-media-text__content\">\n<p>Weihnachtssingen im VonoviaStadion Bochum im Dezember 2023. Eine gute Idee und gelungene Einstimmung auf die Festtage.<\/p>\n<\/div><\/div>\n\n\n\n<figure class=\"wp-block-image size-large\"><img loading=\"lazy\" decoding=\"async\" width=\"1024\" height=\"768\" src=\"https:\/\/grooving-voices.de\/wp-content\/uploads\/2023\/12\/Weihnachtssingen-2023_3-1024x768.jpeg\" alt=\"\" class=\"wp-image-364\" srcset=\"https:\/\/grooving-voices.de\/wp-content\/uploads\/2023\/12\/Weihnachtssingen-2023_3-1024x768.jpeg 1024w, https:\/\/grooving-voices.de\/wp-content\/uploads\/2023\/12\/Weihnachtssingen-2023_3-300x225.jpeg 300w, https:\/\/grooving-voices.de\/wp-content\/uploads\/2023\/12\/Weihnachtssingen-2023_3-150x113.jpeg 150w, https:\/\/grooving-voices.de\/wp-content\/uploads\/2023\/12\/Weihnachtssingen-2023_3-768x576.jpeg 768w, https:\/\/grooving-voices.de\/wp-content\/uploads\/2023\/12\/Weihnachtssingen-2023_3-1536x1152.jpeg 1536w, https:\/\/grooving-voices.de\/wp-content\/uploads\/2023\/12\/Weihnachtssingen-2023_3.jpeg 1600w\" sizes=\"auto, (max-width: 767px) 89vw, (max-width: 1000px) 54vw, (max-width: 1071px) 543px, 580px\" \/><\/figure>\n\n\n\n<figure class=\"wp-block-image size-large\"><img loading=\"lazy\" decoding=\"async\" width=\"1024\" height=\"976\" src=\"https:\/\/grooving-voices.de\/wp-content\/uploads\/2023\/12\/Weihnachtssingen-2023_2-1024x976.jpeg\" alt=\"\" class=\"wp-image-363\" srcset=\"https:\/\/grooving-voices.de\/wp-content\/uploads\/2023\/12\/Weihnachtssingen-2023_2-1024x976.jpeg 1024w, https:\/\/grooving-voices.de\/wp-content\/uploads\/2023\/12\/Weihnachtssingen-2023_2-300x286.jpeg 300w, https:\/\/grooving-voices.de\/wp-content\/uploads\/2023\/12\/Weihnachtssingen-2023_2-150x143.jpeg 150w, https:\/\/grooving-voices.de\/wp-content\/uploads\/2023\/12\/Weihnachtssingen-2023_2-768x732.jpeg 768w, https:\/\/grooving-voices.de\/wp-content\/uploads\/2023\/12\/Weihnachtssingen-2023_2-1536x1464.jpeg 1536w, https:\/\/grooving-voices.de\/wp-content\/uploads\/2023\/12\/Weihnachtssingen-2023_2.jpeg 2048w\" sizes=\"auto, (max-width: 767px) 89vw, (max-width: 1000px) 54vw, (max-width: 1071px) 543px, 580px\" \/><\/figure>\n\n\n\n<div class=\"wp-block-media-text is-stacked-on-mobile\"><figure class=\"wp-block-media-text__media\"><img loading=\"lazy\" decoding=\"async\" width=\"1024\" height=\"576\" src=\"https:\/\/grooving-voices.de\/wp-content\/uploads\/2023\/12\/WhatsApp-Image-2023-12-09-at-19.29.24-1-1024x576.jpeg\" alt=\"\" class=\"wp-image-366 size-full\" srcset=\"https:\/\/grooving-voices.de\/wp-content\/uploads\/2023\/12\/WhatsApp-Image-2023-12-09-at-19.29.24-1-1024x576.jpeg 1024w, https:\/\/grooving-voices.de\/wp-content\/uploads\/2023\/12\/WhatsApp-Image-2023-12-09-at-19.29.24-1-300x169.jpeg 300w, https:\/\/grooving-voices.de\/wp-content\/uploads\/2023\/12\/WhatsApp-Image-2023-12-09-at-19.29.24-1-150x84.jpeg 150w, https:\/\/grooving-voices.de\/wp-content\/uploads\/2023\/12\/WhatsApp-Image-2023-12-09-at-19.29.24-1-768x432.jpeg 768w, https:\/\/grooving-voices.de\/wp-content\/uploads\/2023\/12\/WhatsApp-Image-2023-12-09-at-19.29.24-1-1536x864.jpeg 1536w, https:\/\/grooving-voices.de\/wp-content\/uploads\/2023\/12\/WhatsApp-Image-2023-12-09-at-19.29.24-1.jpeg 1600w\" sizes=\"auto, (max-width: 767px) 89vw, (max-width: 1000px) 54vw, (max-width: 1071px) 543px, 580px\" \/><\/figure><div class=\"wp-block-media-text__content\">\n<p>Trainer in Aktion.<\/p>\n<\/div><\/div>\n\n\n\n<div class=\"wp-block-media-text is-stacked-on-mobile\"><figure class=\"wp-block-media-text__media\"><img loading=\"lazy\" decoding=\"async\" width=\"1024\" height=\"768\" src=\"https:\/\/grooving-voices.de\/wp-content\/uploads\/2023\/12\/3a6ab7c4-c568-4d55-a80f-0c9fa026afad-1024x768.jpg\" alt=\"\" class=\"wp-image-360 size-full\" srcset=\"https:\/\/grooving-voices.de\/wp-content\/uploads\/2023\/12\/3a6ab7c4-c568-4d55-a80f-0c9fa026afad-1024x768.jpg 1024w, https:\/\/grooving-voices.de\/wp-content\/uploads\/2023\/12\/3a6ab7c4-c568-4d55-a80f-0c9fa026afad-300x225.jpg 300w, https:\/\/grooving-voices.de\/wp-content\/uploads\/2023\/12\/3a6ab7c4-c568-4d55-a80f-0c9fa026afad-150x113.jpg 150w, https:\/\/grooving-voices.de\/wp-content\/uploads\/2023\/12\/3a6ab7c4-c568-4d55-a80f-0c9fa026afad-768x576.jpg 768w, https:\/\/grooving-voices.de\/wp-content\/uploads\/2023\/12\/3a6ab7c4-c568-4d55-a80f-0c9fa026afad-1536x1152.jpg 1536w, https:\/\/grooving-voices.de\/wp-content\/uploads\/2023\/12\/3a6ab7c4-c568-4d55-a80f-0c9fa026afad.jpg 2000w\" sizes=\"auto, (max-width: 767px) 89vw, (max-width: 1000px) 54vw, (max-width: 1071px) 543px, 580px\" \/><\/figure><div class=\"wp-block-media-text__content\">\n<p>Nur ein Teil hat an dem Fr\u00fchjahrs-Workshop 2023 teil nehmen k\u00f6nnen, was unserer sch\u00f6nen Zeit aber keinen Abbruch getan hat.<\/p>\n<\/div><\/div>\n","protected":false},"excerpt":{"rendered":"<p>&#8222;Ich singe schon seit Kindheitsbeinen an im MGV , Kinderchor, Jugendchor,&nbsp; Mittwochschor, der dann zu Grooving-Voices wurde. Singen macht mich gl\u00fccklich, egal, wie der Tag verlaufen ist,&nbsp; Mittwochs zu Beginn der Probe ist die Welt in Ordnung. Wir sind eine tolle Gemeinschaft und der Spa\u00df steht immer im Vordergrund. Wenn wir dann noch rihtig gut &hellip; <\/p>\n<p class=\"link-more\"><a href=\"https:\/\/grooving-voices.de\/?page_id=184\" class=\"more-link\"><span class=\"screen-reader-text\">\u201eGesichter und Stimmen\u201c<\/span> weiterlesen<\/a><\/p>\n","protected":false},"author":1,"featured_media":0,"parent":0,"menu_order":0,"comment_status":"closed","ping_status":"closed","template":"","meta":{"footnotes":""},"class_list":["post-184","page","type-page","status-publish","hentry"],"_links":{"self":[{"href":"https:\/\/grooving-voices.de\/index.php?rest_route=\/wp\/v2\/pages\/184","targetHints":{"allow":["GET"]}}],"collection":[{"href":"https:\/\/grooving-voices.de\/index.php?rest_route=\/wp\/v2\/pages"}],"about":[{"href":"https:\/\/grooving-voices.de\/index.php?rest_route=\/wp\/v2\/types\/page"}],"author":[{"embeddable":true,"href":"https:\/\/grooving-voices.de\/index.php?rest_route=\/wp\/v2\/users\/1"}],"replies":[{"embeddable":true,"href":"https:\/\/grooving-voices.de\/index.php?rest_route=%2Fwp%2Fv2%2Fcomments&post=184"}],"version-history":[{"count":7,"href":"https:\/\/grooving-voices.de\/index.php?rest_route=\/wp\/v2\/pages\/184\/revisions"}],"predecessor-version":[{"id":518,"href":"https:\/\/grooving-voices.de\/index.php?rest_route=\/wp\/v2\/pages\/184\/revisions\/518"}],"wp:attachment":[{"href":"https:\/\/grooving-voices.de\/index.php?rest_route=%2Fwp%2Fv2%2Fmedia&parent=184"}],"curies":[{"name":"wp","href":"https:\/\/api.w.org\/{rel}","templated":true}]}}