{"id":102,"date":"2022-11-28T08:07:34","date_gmt":"2022-11-28T08:07:34","guid":{"rendered":"http:\/\/grooving-voices.de\/?page_id=102"},"modified":"2026-04-12T16:22:41","modified_gmt":"2026-04-12T16:22:41","slug":"grooving-voices","status":"publish","type":"page","link":"https:\/\/grooving-voices.de\/","title":{"rendered":"Der Chor"},"content":{"rendered":"\n<p>Wir sind eine bunte Mischung unterschiedlichen Alters. Viele sind schon Jahre dabei und es gibt immer wieder auch Zuwachs. Von Bass \u00fcber Tenor, Alt 1 und 2 bis zu Sopran 1 und 2 singen wir je nach Song. Unser bisheriger Chorleiter J\u00fcrgen hat uns am Klavier begleitet und ab und an auch die Gitarre in die Hand genommen. Aus den Instrumentalisten hat sich eine Band entwickelt mit Gitarren, Bass-Gitarre, Schlagzeug, Cajon und Saxophon. Seit dem Chorleiterwechsel von J\u00fcrgen zu Stefan Ende 2025 stellen uns nun neu auf. Dabei begleitet uns Peter am Klavier, Wolfgang am Bass, Dirk an der Akkustik-Gitarre und Thomas am Schlagzeug.<\/p>\n\n\n\n<figure class=\"wp-block-image size-large\"><img loading=\"lazy\" decoding=\"async\" width=\"1024\" height=\"576\" src=\"https:\/\/grooving-voices.de\/wp-content\/uploads\/2024\/03\/IMG-20240218-WA0000-1024x576.jpg\" alt=\"\" class=\"wp-image-391\" srcset=\"https:\/\/grooving-voices.de\/wp-content\/uploads\/2024\/03\/IMG-20240218-WA0000-1024x576.jpg 1024w, https:\/\/grooving-voices.de\/wp-content\/uploads\/2024\/03\/IMG-20240218-WA0000-300x169.jpg 300w, https:\/\/grooving-voices.de\/wp-content\/uploads\/2024\/03\/IMG-20240218-WA0000-150x84.jpg 150w, https:\/\/grooving-voices.de\/wp-content\/uploads\/2024\/03\/IMG-20240218-WA0000-768x432.jpg 768w, https:\/\/grooving-voices.de\/wp-content\/uploads\/2024\/03\/IMG-20240218-WA0000-1536x864.jpg 1536w, https:\/\/grooving-voices.de\/wp-content\/uploads\/2024\/03\/IMG-20240218-WA0000.jpg 2016w\" sizes=\"auto, (max-width: 767px) 89vw, (max-width: 1000px) 54vw, (max-width: 1071px) 543px, 580px\" \/><\/figure>\n\n\n\n<figure class=\"wp-block-image size-large\"><img loading=\"lazy\" decoding=\"async\" width=\"1024\" height=\"570\" src=\"https:\/\/grooving-voices.de\/wp-content\/uploads\/2024\/07\/IMG-20240307-WA0004_-1024x570.jpg\" alt=\"\" class=\"wp-image-447\" srcset=\"https:\/\/grooving-voices.de\/wp-content\/uploads\/2024\/07\/IMG-20240307-WA0004_-1024x570.jpg 1024w, https:\/\/grooving-voices.de\/wp-content\/uploads\/2024\/07\/IMG-20240307-WA0004_-300x167.jpg 300w, https:\/\/grooving-voices.de\/wp-content\/uploads\/2024\/07\/IMG-20240307-WA0004_-150x84.jpg 150w, https:\/\/grooving-voices.de\/wp-content\/uploads\/2024\/07\/IMG-20240307-WA0004_-768x428.jpg 768w, https:\/\/grooving-voices.de\/wp-content\/uploads\/2024\/07\/IMG-20240307-WA0004_.jpg 1508w\" sizes=\"auto, (max-width: 767px) 89vw, (max-width: 1000px) 54vw, (max-width: 1071px) 543px, 580px\" \/><\/figure>\n\n\n\n<figure class=\"wp-block-image size-large\"><img loading=\"lazy\" decoding=\"async\" width=\"1024\" height=\"768\" src=\"https:\/\/grooving-voices.de\/wp-content\/uploads\/2020\/04\/GROOVING-VOICES-2019-A-1024x768.jpg\" alt=\"\" class=\"wp-image-5\" srcset=\"https:\/\/grooving-voices.de\/wp-content\/uploads\/2020\/04\/GROOVING-VOICES-2019-A-1024x768.jpg 1024w, https:\/\/grooving-voices.de\/wp-content\/uploads\/2020\/04\/GROOVING-VOICES-2019-A-300x225.jpg 300w, https:\/\/grooving-voices.de\/wp-content\/uploads\/2020\/04\/GROOVING-VOICES-2019-A-768x576.jpg 768w, https:\/\/grooving-voices.de\/wp-content\/uploads\/2020\/04\/GROOVING-VOICES-2019-A.jpg 1772w\" sizes=\"auto, (max-width: 767px) 89vw, (max-width: 1000px) 54vw, (max-width: 1071px) 543px, 580px\" \/><\/figure>\n\n\n\n<p>Als gemischter Chor sind wir mit den Stimmen Sopran 1, Sopran 2, Alt 1, Alt 2, Tenor und Bass unterwegs. Neben Akkordeon, Cajon und Saxophon sind die Gitarren fast immer mit dabei. Chorleiter J\u00fcrgen Merkel gibt am Piano den Ton an. W\u00e4hrend einige schon seit der Geburtsstunde des Chores mit an Bord sind, sind im Laufe der Zeit immer wieder neue S\u00e4ngerInnen dazu gesto\u00dfen und jederzeit herzlich willkommen. <\/p>\n\n\n\n<div class=\"wp-block-media-text alignwide is-stacked-on-mobile\"><figure class=\"wp-block-media-text__media\"><img loading=\"lazy\" decoding=\"async\" width=\"225\" height=\"300\" src=\"https:\/\/grooving-voices.de\/wp-content\/uploads\/2022\/11\/IMG-20221023-WA0003-225x300.jpg\" alt=\"\" class=\"wp-image-167 size-full\" srcset=\"https:\/\/grooving-voices.de\/wp-content\/uploads\/2022\/11\/IMG-20221023-WA0003-225x300.jpg 225w, https:\/\/grooving-voices.de\/wp-content\/uploads\/2022\/11\/IMG-20221023-WA0003-768x1024.jpg 768w, https:\/\/grooving-voices.de\/wp-content\/uploads\/2022\/11\/IMG-20221023-WA0003-113x150.jpg 113w, https:\/\/grooving-voices.de\/wp-content\/uploads\/2022\/11\/IMG-20221023-WA0003-1152x1536.jpg 1152w, https:\/\/grooving-voices.de\/wp-content\/uploads\/2022\/11\/IMG-20221023-WA0003.jpg 1200w\" sizes=\"auto, (max-width: 225px) 100vw, 225px\" \/><\/figure><div class=\"wp-block-media-text__content\">\n<p>&#8230; mit Unterst\u00fctzung von Stefan:<\/p>\n\n\n\n<figure class=\"wp-block-image size-large is-resized\"><img loading=\"lazy\" decoding=\"async\" width=\"768\" height=\"1024\" src=\"https:\/\/grooving-voices.de\/wp-content\/uploads\/2025\/02\/20250208_095607-768x1024.jpg\" alt=\"\" class=\"wp-image-546\" style=\"width:300px;height:auto\" srcset=\"https:\/\/grooving-voices.de\/wp-content\/uploads\/2025\/02\/20250208_095607-768x1024.jpg 768w, https:\/\/grooving-voices.de\/wp-content\/uploads\/2025\/02\/20250208_095607-225x300.jpg 225w, https:\/\/grooving-voices.de\/wp-content\/uploads\/2025\/02\/20250208_095607-1152x1536.jpg 1152w, https:\/\/grooving-voices.de\/wp-content\/uploads\/2025\/02\/20250208_095607-1536x2048.jpg 1536w, https:\/\/grooving-voices.de\/wp-content\/uploads\/2025\/02\/20250208_095607-scaled.jpg 1920w\" sizes=\"auto, (max-width: 767px) 89vw, (max-width: 1000px) 54vw, (max-width: 1071px) 543px, 580px\" \/><\/figure>\n<\/div><\/div>\n\n\n\n<blockquote class=\"wp-block-quote is-layout-flow wp-block-quote-is-layout-flow\">\n<p><strong>&#8222;Oh, oh, oh &#8230;<\/strong>&#8222;<\/p>\n<\/blockquote>\n\n\n<div class=\"wp-block-image is-resized\">\n<figure class=\"alignright size-large\"><img loading=\"lazy\" decoding=\"async\" width=\"1024\" height=\"461\" src=\"https:\/\/grooving-voices.de\/wp-content\/uploads\/2022\/11\/IMG-20221023-WA0006-1024x461.jpg\" alt=\"\" class=\"wp-image-169\" srcset=\"https:\/\/grooving-voices.de\/wp-content\/uploads\/2022\/11\/IMG-20221023-WA0006-1024x461.jpg 1024w, https:\/\/grooving-voices.de\/wp-content\/uploads\/2022\/11\/IMG-20221023-WA0006-300x135.jpg 300w, https:\/\/grooving-voices.de\/wp-content\/uploads\/2022\/11\/IMG-20221023-WA0006-150x68.jpg 150w, https:\/\/grooving-voices.de\/wp-content\/uploads\/2022\/11\/IMG-20221023-WA0006-768x346.jpg 768w, https:\/\/grooving-voices.de\/wp-content\/uploads\/2022\/11\/IMG-20221023-WA0006-1536x691.jpg 1536w, https:\/\/grooving-voices.de\/wp-content\/uploads\/2022\/11\/IMG-20221023-WA0006.jpg 1600w\" sizes=\"auto, (max-width: 767px) 89vw, (max-width: 1000px) 54vw, (max-width: 1071px) 543px, 580px\" \/><\/figure><\/div>\n\n\n<p>Auf der j\u00e4hrlichen Chorfahrt wird nicht nur intensiv geprobt, sondern es ist auch gesellig, so wie bei anderen gemeinsamen Workshops oder Essen zu Anl\u00e4ssen wie Geburtstage oder Weihnachten. <\/p>\n\n\n\n<p><\/p>\n\n\n\n<p>Der j\u00e4hrliche Auftritt auf dem Gospelfestival in Wetter ist zu einem Ritual geworden und es gab immer auch andere Anl\u00e4sse, vor Publikum zu singen: Tag des Chores, Tage der Demokratie, Tag des Liedes, Hochzeiten, Stadtteilfeste, Benefizkonzerte &#8230; wir lassen uns einladen, um f\u00fcr Sie zu singen. <\/p>\n","protected":false},"excerpt":{"rendered":"<p>Wir sind eine bunte Mischung unterschiedlichen Alters. Viele sind schon Jahre dabei und es gibt immer wieder auch Zuwachs. Von Bass \u00fcber Tenor, Alt 1 und 2 bis zu Sopran 1 und 2 singen wir je nach Song. Unser bisheriger Chorleiter J\u00fcrgen hat uns am Klavier begleitet und ab und an auch die Gitarre in &hellip; <\/p>\n<p class=\"link-more\"><a href=\"https:\/\/grooving-voices.de\/\" class=\"more-link\"><span class=\"screen-reader-text\">\u201eDer Chor\u201c<\/span> weiterlesen<\/a><\/p>\n","protected":false},"author":1,"featured_media":0,"parent":0,"menu_order":0,"comment_status":"closed","ping_status":"closed","template":"","meta":{"footnotes":""},"class_list":["post-102","page","type-page","status-publish","hentry"],"_links":{"self":[{"href":"https:\/\/grooving-voices.de\/index.php?rest_route=\/wp\/v2\/pages\/102","targetHints":{"allow":["GET"]}}],"collection":[{"href":"https:\/\/grooving-voices.de\/index.php?rest_route=\/wp\/v2\/pages"}],"about":[{"href":"https:\/\/grooving-voices.de\/index.php?rest_route=\/wp\/v2\/types\/page"}],"author":[{"embeddable":true,"href":"https:\/\/grooving-voices.de\/index.php?rest_route=\/wp\/v2\/users\/1"}],"replies":[{"embeddable":true,"href":"https:\/\/grooving-voices.de\/index.php?rest_route=%2Fwp%2Fv2%2Fcomments&post=102"}],"version-history":[{"count":18,"href":"https:\/\/grooving-voices.de\/index.php?rest_route=\/wp\/v2\/pages\/102\/revisions"}],"predecessor-version":[{"id":647,"href":"https:\/\/grooving-voices.de\/index.php?rest_route=\/wp\/v2\/pages\/102\/revisions\/647"}],"wp:attachment":[{"href":"https:\/\/grooving-voices.de\/index.php?rest_route=%2Fwp%2Fv2%2Fmedia&parent=102"}],"curies":[{"name":"wp","href":"https:\/\/api.w.org\/{rel}","templated":true}]}}